{"id":42,"date":"2023-11-21T13:22:10","date_gmt":"2023-11-21T12:22:10","guid":{"rendered":"https:\/\/swedishnutra.com\/?page_id=42"},"modified":"2025-02-28T13:53:14","modified_gmt":"2025-02-28T12:53:14","slug":"privacy-policy","status":"publish","type":"page","link":"https:\/\/swedishnutra.com\/pl\/privacy-policy\/","title":{"rendered":"Twoje dane"},"content":{"rendered":"<div data-elementor-type=\"wp-page\" data-elementor-id=\"42\" class=\"elementor elementor-42\" data-elementor-post-type=\"page\">\n\t\t\t\t<div class=\"elementor-element elementor-element-009eb19 e-flex e-con-boxed e-con e-parent\" data-id=\"009eb19\" data-element_type=\"container\" data-e-type=\"container\">\n\t\t\t\t\t<div class=\"e-con-inner\">\n\t\t\t\t\t<\/div>\n\t\t\t\t<\/div>\n\t\t<div class=\"elementor-element elementor-element-9f76ff7 e-flex e-con-boxed e-con e-parent\" data-id=\"9f76ff7\" data-element_type=\"container\" data-e-type=\"container\">\n\t\t\t\t\t<div class=\"e-con-inner\">\n\t\t\t\t<div class=\"elementor-element elementor-element-71a863c elementor-widget elementor-widget-heading\" data-id=\"71a863c\" data-element_type=\"widget\" data-e-type=\"widget\" data-widget_type=\"heading.default\">\n\t\t\t\t\t<h2 class=\"elementor-heading-title elementor-size-default\">Twoje dane<\/h2>\t\t\t\t<\/div>\n\t\t\t\t<div class=\"elementor-element elementor-element-ae0671a elementor-widget elementor-widget-text-editor\" data-id=\"ae0671a\" data-element_type=\"widget\" data-e-type=\"widget\" data-widget_type=\"text-editor.default\">\n\t\t\t\t\t\t\t\t\t<p>Twoje dane<br \/><strong>Ostatnia aktualizacja: 02.02.2025<\/strong><\/p><p>Swedish Nutra AB (\"my\", \"nasz\" lub \"nas\") zobowi\u0105zuje si\u0119 do ochrony prywatno\u015bci u\u017cytkownik\u00f3w. Niniejsza Polityka prywatno\u015bci wyja\u015bnia, w jaki spos\u00f3b gromadzimy, wykorzystujemy i chronimy dane osobowe u\u017cytkownik\u00f3w odwiedzaj\u0105cych nasz\u0105 witryn\u0119 internetow\u0105 (\"Witryna\") lub korzystaj\u0105cych z naszych us\u0142ug.<\/p><div><hr \/><\/div><h3>1. Informacje, kt\u00f3re zbieramy<\/h3><p>Gromadzimy i przetwarzamy nast\u0119puj\u0105ce rodzaje danych osobowych:<\/p><h4>a. Informacje przekazywane nam przez u\u017cytkownika<\/h4><ul data-spread=\"false\"><li><p>Imi\u0119 i nazwisko, adres e-mail, numer telefonu i inne dane kontaktowe<\/p><\/li><li><p>Adresy rozliczeniowe i wysy\u0142kowe dla zam\u00f3wie\u0144<\/p><\/li><li><p>Informacje o p\u0142atno\u015bciach (przetwarzane bezpiecznie przez zewn\u0119trznych dostawc\u00f3w us\u0142ug p\u0142atniczych)<\/p><\/li><li><p>Informacje przekazywane za po\u015brednictwem formularzy kontaktowych, poczty elektronicznej lub interakcji z obs\u0142ug\u0105 klienta<\/p><\/li><li><p>Wszelkie inne informacje podane przez u\u017cytkownika podczas korzystania z naszej Witryny<\/p><\/li><\/ul><h4>b. Informacje zbierane automatycznie<\/h4><ul data-spread=\"false\"><li><p>Adres IP, typ przegl\u0105darki i informacje o urz\u0105dzeniu<\/p><\/li><li><p>Dane dotycz\u0105ce u\u017cytkowania, takie jak odwiedzane strony, czas sp\u0119dzony w Witrynie i interakcje zwi\u0105zane z klikni\u0119ciami<\/p><\/li><li><p>Pliki cookie i podobne technologie \u015bledzenia (patrz sekcja \"Pliki cookie\" poni\u017cej)<\/p><\/li><\/ul><h4>c. Informacje od os\u00f3b trzecich<\/h4><ul data-spread=\"false\"><li><p>Publicznie dost\u0119pne informacje<\/p><\/li><li><p>Dane od naszych partner\u00f3w biznesowych, podmiot\u00f3w stowarzyszonych i dostawc\u00f3w reklam<\/p><\/li><\/ul><div><hr \/><\/div><h3>2. Jak wykorzystujemy informacje o u\u017cytkowniku<\/h3><p>Wykorzystujemy zebrane dane do nast\u0119puj\u0105cych cel\u00f3w:<\/p><ul data-spread=\"false\"><li><p><strong>Aby przetwarza\u0107 zam\u00f3wienia<\/strong> i zapewni\u0107 obs\u0142ug\u0119 klienta<\/p><\/li><li><p><strong>Aby ulepszy\u0107 nasz\u0105 stron\u0119 internetow\u0105<\/strong> i spersonalizowa\u0107 do\u015bwiadczenia u\u017cytkownik\u00f3w<\/p><\/li><li><p><strong>Aby komunikowa\u0107 si\u0119 z u\u017cytkownikiem<\/strong> w odniesieniu do zapyta\u0144, promocji i biuletyn\u00f3w<\/p><\/li><li><p><strong>Przestrzeganie zobowi\u0105za\u0144 prawnych<\/strong> i zapobiega\u0107 oszustwom lub zagro\u017ceniom bezpiecze\u0144stwa<\/p><\/li><li><p><strong>Do cel\u00f3w marketingowych i reklamowych<\/strong> (wy\u0142\u0105cznie za zgod\u0105 u\u017cytkownika, gdy jest to wymagane przez prawo)<\/p><\/li><\/ul><div><hr \/><\/div><h3>3. W jaki spos\u00f3b udost\u0119pniamy informacje o u\u017cytkowniku<\/h3><p>Robimy to <strong>nie<\/strong> sprzedawa\u0107 danych osobowych. Mo\u017cemy jednak udost\u0119pnia\u0107 dane u\u017cytkownika<\/p><ul data-spread=\"false\"><li><p><strong>Dostawcy us\u0142ug i partnerzy<\/strong> kt\u00f3rzy pomagaj\u0105 w realizacji zam\u00f3wie\u0144, hostowaniu naszej Witryny, przetwarzaniu p\u0142atno\u015bci i \u015bwiadczeniu us\u0142ug marketingowych<\/p><\/li><li><p><strong>Organy prawne i regulacyjne<\/strong> je\u015bli jest to wymagane przez prawo lub w celu ochrony naszych praw<\/p><\/li><li><p><strong>Transfery biznesowe<\/strong>w przypadku fuzji, przej\u0119\u0107 lub sprzeda\u017cy aktyw\u00f3w<\/p><\/li><\/ul><div><hr \/><\/div><h3>4. Bezpiecze\u0144stwo danych<\/h3><p>Wdra\u017camy odpowiednie \u015brodki bezpiecze\u0144stwa w celu ochrony danych osobowych u\u017cytkownik\u00f3w. Jednak \u017caden system transmisji lub przechowywania danych online nie jest bezpieczny. Je\u015bli podejrzewasz jakiekolwiek problemy z bezpiecze\u0144stwem, skontaktuj si\u0119 z nami natychmiast.<\/p><div><hr \/><\/div><h3>5. Prawa i mo\u017cliwo\u015bci wyboru<\/h3><p>W zale\u017cno\u015bci od lokalizacji u\u017cytkownikowi mog\u0105 przys\u0142ugiwa\u0107 nast\u0119puj\u0105ce prawa dotycz\u0105ce jego danych osobowych:<\/p><ul data-spread=\"false\"><li><p><strong>Dost\u0119p<\/strong> - Za\u017c\u0105da\u0107 kopii przechowywanych przez nas danych osobowych u\u017cytkownika.<\/p><\/li><li><p><strong>Korekta<\/strong> - \u017b\u0105danie korekty niedok\u0142adnych lub niekompletnych danych.<\/p><\/li><li><p><strong>Usuni\u0119cie<\/strong> - \u017b\u0105dania usuni\u0119cia danych, z zastrze\u017ceniem zobowi\u0105za\u0144 prawnych.<\/p><\/li><li><p><strong>Sprzeciw<\/strong> - sprzeciwi\u0107 si\u0119 niekt\u00f3rym rodzajom przetwarzania danych, takim jak marketing bezpo\u015bredni.<\/p><\/li><li><p><strong>Przenoszenie danych<\/strong> - Popro\u015b o kopi\u0119 swoich danych w powszechnie u\u017cywanym formacie.<\/p><\/li><\/ul><p>Aby skorzysta\u0107 z tych praw, prosimy o kontakt pod adresem <b>info@swedishnutra.com<\/b><\/p><div><hr \/><\/div><h3>6. Pliki cookie i technologie \u015bledzenia<\/h3><p>Nasza witryna wykorzystuje pliki cookie, aby poprawi\u0107 komfort u\u017cytkowania i analizowa\u0107 ruch w witrynie. Mo\u017cesz zarz\u0105dza\u0107 plikami cookie lub je wy\u0142\u0105czy\u0107 w ustawieniach przegl\u0105darki.<\/p><div><hr \/><\/div><h3>7. Linki stron trzecich<\/h3><p>Nasza Witryna mo\u017ce zawiera\u0107 \u0142\u0105cza do witryn internetowych os\u00f3b trzecich. Nie ponosimy odpowiedzialno\u015bci za ich praktyki w zakresie prywatno\u015bci i zach\u0119camy do zapoznania si\u0119 z ich polityk\u0105 przed podaniem jakichkolwiek danych osobowych.<\/p><div><hr \/><\/div><h3>8. Przechowywanie danych<\/h3><p>Przechowujemy dane osobowe u\u017cytkownika tylko tak d\u0142ugo, jak jest to konieczne do cel\u00f3w okre\u015blonych w niniejszej polityce, chyba \u017ce d\u0142u\u017cszy okres przechowywania jest wymagany przez prawo.<\/p><div><hr \/><\/div><h3>9. Mi\u0119dzynarodowe transfery danych<\/h3><p>Je\u015bli przekazujemy dane u\u017cytkownika poza Europejski Obszar Gospodarczy (EOG), zapewniamy odpowiednie zabezpieczenia w celu ochrony informacji u\u017cytkownika zgodnie z przepisami o ochronie danych.<\/p><div><hr \/><\/div><h3>10. Zmiany niniejszej Polityki prywatno\u015bci<\/h3><p>Od czasu do czasu mo\u017cemy aktualizowa\u0107 niniejsz\u0105 Polityk\u0119 prywatno\u015bci. Wszelkie zmiany b\u0119d\u0105 publikowane na tej stronie wraz z dat\u0105 aktualizacji.<\/p><div><hr \/><\/div><h3>11. Kontakt<\/h3><p>W przypadku jakichkolwiek pyta\u0144 dotycz\u0105cych niniejszej Polityki prywatno\u015bci prosimy o kontakt pod adresem:<\/p><p><strong>Swedish Nutra AB<\/strong><br \/>Lodgatan 19, Malm\u00f6 SE<br \/>info@swedishnutra.com<br \/>+46 40 787 01<\/p>\t\t\t\t\t\t\t\t<\/div>\n\t\t\t\t\t<\/div>\n\t\t\t\t<\/div>\n\t\t\t\t<\/div>","protected":false},"excerpt":{"rendered":"<p>Privacy Policy Privacy PolicyLast updated: 02.02.2025 Swedish Nutra AB (&#8220;we,&#8221; &#8220;our,&#8221; or &#8220;us&#8221;) is committed to protecting your privacy. This Privacy Policy explains how we collect, use, and safeguard your personal data when you visit our website (the &#8220;Site&#8221;) or engage with our services. 1. Information We Collect We collect and process the following types [&hellip;]<\/p>\n","protected":false},"author":6,"featured_media":0,"parent":0,"menu_order":0,"comment_status":"closed","ping_status":"closed","template":"elementor_header_footer","meta":{"_acf_changed":false,"content-type":"","inline_featured_image":false,"footnotes":""},"class_list":["post-42","page","type-page","status-publish","hentry"],"acf":[],"yoast_head":"<!-- This site is optimized with the Yoast SEO plugin v26.9 - https:\/\/yoast.com\/product\/yoast-seo-wordpress\/ -->\n<title>Privacy Policy | Swedish Nutra Manufacturer<\/title>\n<meta name=\"description\" content=\"Review our Privacy Policy \u2013 Swedish Nutra ensures full data protection and compliance for business clients, distributors, and private label partners.\" \/>\n<meta name=\"robots\" content=\"index, follow, max-snippet:-1, max-image-preview:large, max-video-preview:-1\" \/>\n<link rel=\"canonical\" href=\"https:\/\/swedishnutra.com\/pl\/privacy-policy\/\" \/>\n<meta property=\"og:locale\" content=\"pl_PL\" \/>\n<meta property=\"og:type\" content=\"article\" \/>\n<meta property=\"og:title\" content=\"Privacy Policy | Swedish Nutra Manufacturer\" \/>\n<meta property=\"og:description\" content=\"Review our Privacy Policy \u2013 Swedish Nutra ensures full data protection and compliance for business clients, distributors, and private label partners.\" \/>\n<meta property=\"og:url\" content=\"https:\/\/swedishnutra.com\/pl\/privacy-policy\/\" \/>\n<meta property=\"og:site_name\" content=\"Swedish Nutra\" \/>\n<meta property=\"article:publisher\" content=\"https:\/\/www.facebook.com\/profile.php?id=100089105632970\" \/>\n<meta property=\"article:modified_time\" content=\"2025-02-28T12:53:14+00:00\" \/>\n<meta name=\"twitter:card\" content=\"summary_large_image\" \/>\n<meta name=\"twitter:label1\" content=\"Szacowany czas czytania\" \/>\n\t<meta name=\"twitter:data1\" content=\"3 minuty\" \/>\n<script type=\"application\/ld+json\" class=\"yoast-schema-graph\">{\"@context\":\"https:\/\/schema.org\",\"@graph\":[{\"@type\":\"WebPage\",\"@id\":\"https:\/\/swedishnutra.com\/privacy-policy\/\",\"url\":\"https:\/\/swedishnutra.com\/privacy-policy\/\",\"name\":\"Privacy Policy | Swedish Nutra Manufacturer\",\"isPartOf\":{\"@id\":\"https:\/\/swedishnutra.com\/#website\"},\"datePublished\":\"2023-11-21T12:22:10+00:00\",\"dateModified\":\"2025-02-28T12:53:14+00:00\",\"description\":\"Review our Privacy Policy \u2013 Swedish Nutra ensures full data protection and compliance for business clients, distributors, and private label partners.\",\"breadcrumb\":{\"@id\":\"https:\/\/swedishnutra.com\/privacy-policy\/#breadcrumb\"},\"inLanguage\":\"pl-PL\",\"potentialAction\":[{\"@type\":\"ReadAction\",\"target\":[\"https:\/\/swedishnutra.com\/privacy-policy\/\"]}]},{\"@type\":\"BreadcrumbList\",\"@id\":\"https:\/\/swedishnutra.com\/privacy-policy\/#breadcrumb\",\"itemListElement\":[{\"@type\":\"ListItem\",\"position\":1,\"name\":\"Home\",\"item\":\"https:\/\/swedishnutra.com\/\"},{\"@type\":\"ListItem\",\"position\":2,\"name\":\"Privacy Policy\"}]},{\"@type\":\"WebSite\",\"@id\":\"https:\/\/swedishnutra.com\/#website\",\"url\":\"https:\/\/swedishnutra.com\/\",\"name\":\"Swedish Nutra\",\"description\":\"Supplement White Label Services\",\"publisher\":{\"@id\":\"https:\/\/swedishnutra.com\/#organization\"},\"potentialAction\":[{\"@type\":\"SearchAction\",\"target\":{\"@type\":\"EntryPoint\",\"urlTemplate\":\"https:\/\/swedishnutra.com\/?s={search_term_string}\"},\"query-input\":{\"@type\":\"PropertyValueSpecification\",\"valueRequired\":true,\"valueName\":\"search_term_string\"}}],\"inLanguage\":\"pl-PL\"},{\"@type\":\"Organization\",\"@id\":\"https:\/\/swedishnutra.com\/#organization\",\"name\":\"Swedish Nutra\",\"url\":\"https:\/\/swedishnutra.com\/\",\"logo\":{\"@type\":\"ImageObject\",\"inLanguage\":\"pl-PL\",\"@id\":\"https:\/\/swedishnutra.com\/#\/schema\/logo\/image\/\",\"url\":\"https:\/\/swedishnutra.com\/wp-content\/uploads\/2023\/11\/SN-Logo-Black.svg\",\"contentUrl\":\"https:\/\/swedishnutra.com\/wp-content\/uploads\/2023\/11\/SN-Logo-Black.svg\",\"width\":116,\"height\":53,\"caption\":\"Swedish Nutra\"},\"image\":{\"@id\":\"https:\/\/swedishnutra.com\/#\/schema\/logo\/image\/\"},\"sameAs\":[\"https:\/\/www.facebook.com\/profile.php?id=100089105632970\"]}]}<\/script>\n<!-- \/ Yoast SEO plugin. -->","yoast_head_json":{"title":"Polityka prywatno\u015bci | Szwedzki producent Nutra","description":"Zapoznaj si\u0119 z nasz\u0105 Polityk\u0105 prywatno\u015bci - Swedish Nutra zapewnia pe\u0142n\u0105 ochron\u0119 danych i zgodno\u015b\u0107 z przepisami klientom biznesowym, dystrybutorom i partnerom marki w\u0142asnej.","robots":{"index":"index","follow":"follow","max-snippet":"max-snippet:-1","max-image-preview":"max-image-preview:large","max-video-preview":"max-video-preview:-1"},"canonical":"https:\/\/swedishnutra.com\/pl\/privacy-policy\/","og_locale":"pl_PL","og_type":"article","og_title":"Privacy Policy | Swedish Nutra Manufacturer","og_description":"Review our Privacy Policy \u2013 Swedish Nutra ensures full data protection and compliance for business clients, distributors, and private label partners.","og_url":"https:\/\/swedishnutra.com\/pl\/privacy-policy\/","og_site_name":"Swedish Nutra","article_publisher":"https:\/\/www.facebook.com\/profile.php?id=100089105632970","article_modified_time":"2025-02-28T12:53:14+00:00","twitter_card":"summary_large_image","twitter_misc":{"Szacowany czas czytania":"3 minuty"},"schema":{"@context":"https:\/\/schema.org","@graph":[{"@type":"WebPage","@id":"https:\/\/swedishnutra.com\/privacy-policy\/","url":"https:\/\/swedishnutra.com\/privacy-policy\/","name":"Polityka prywatno\u015bci | Szwedzki producent Nutra","isPartOf":{"@id":"https:\/\/swedishnutra.com\/#website"},"datePublished":"2023-11-21T12:22:10+00:00","dateModified":"2025-02-28T12:53:14+00:00","description":"Zapoznaj si\u0119 z nasz\u0105 Polityk\u0105 prywatno\u015bci - Swedish Nutra zapewnia pe\u0142n\u0105 ochron\u0119 danych i zgodno\u015b\u0107 z przepisami klientom biznesowym, dystrybutorom i partnerom marki w\u0142asnej.","breadcrumb":{"@id":"https:\/\/swedishnutra.com\/privacy-policy\/#breadcrumb"},"inLanguage":"pl-PL","potentialAction":[{"@type":"ReadAction","target":["https:\/\/swedishnutra.com\/privacy-policy\/"]}]},{"@type":"BreadcrumbList","@id":"https:\/\/swedishnutra.com\/privacy-policy\/#breadcrumb","itemListElement":[{"@type":"ListItem","position":1,"name":"Home","item":"https:\/\/swedishnutra.com\/"},{"@type":"ListItem","position":2,"name":"Privacy Policy"}]},{"@type":"WebSite","@id":"https:\/\/swedishnutra.com\/#website","url":"https:\/\/swedishnutra.com\/","name":"Swedish Nutra","description":"Us\u0142ugi suplement\u00f3w White Label","publisher":{"@id":"https:\/\/swedishnutra.com\/#organization"},"potentialAction":[{"@type":"SearchAction","target":{"@type":"EntryPoint","urlTemplate":"https:\/\/swedishnutra.com\/?s={search_term_string}"},"query-input":{"@type":"PropertyValueSpecification","valueRequired":true,"valueName":"search_term_string"}}],"inLanguage":"pl-PL"},{"@type":"Organization","@id":"https:\/\/swedishnutra.com\/#organization","name":"Swedish Nutra","url":"https:\/\/swedishnutra.com\/","logo":{"@type":"ImageObject","inLanguage":"pl-PL","@id":"https:\/\/swedishnutra.com\/#\/schema\/logo\/image\/","url":"https:\/\/swedishnutra.com\/wp-content\/uploads\/2023\/11\/SN-Logo-Black.svg","contentUrl":"https:\/\/swedishnutra.com\/wp-content\/uploads\/2023\/11\/SN-Logo-Black.svg","width":116,"height":53,"caption":"Swedish Nutra"},"image":{"@id":"https:\/\/swedishnutra.com\/#\/schema\/logo\/image\/"},"sameAs":["https:\/\/www.facebook.com\/profile.php?id=100089105632970"]}]}},"_links":{"self":[{"href":"https:\/\/swedishnutra.com\/pl\/wp-json\/wp\/v2\/pages\/42","targetHints":{"allow":["GET"]}}],"collection":[{"href":"https:\/\/swedishnutra.com\/pl\/wp-json\/wp\/v2\/pages"}],"about":[{"href":"https:\/\/swedishnutra.com\/pl\/wp-json\/wp\/v2\/types\/page"}],"author":[{"embeddable":true,"href":"https:\/\/swedishnutra.com\/pl\/wp-json\/wp\/v2\/users\/6"}],"replies":[{"embeddable":true,"href":"https:\/\/swedishnutra.com\/pl\/wp-json\/wp\/v2\/comments?post=42"}],"version-history":[{"count":0,"href":"https:\/\/swedishnutra.com\/pl\/wp-json\/wp\/v2\/pages\/42\/revisions"}],"wp:attachment":[{"href":"https:\/\/swedishnutra.com\/pl\/wp-json\/wp\/v2\/media?parent=42"}],"curies":[{"name":"wp","href":"https:\/\/api.w.org\/{rel}","templated":true}]}}