{"id":42,"date":"2023-11-21T13:22:10","date_gmt":"2023-11-21T12:22:10","guid":{"rendered":"https:\/\/swedishnutra.com\/?page_id=42"},"modified":"2025-02-28T13:53:14","modified_gmt":"2025-02-28T12:53:14","slug":"privacy-policy","status":"publish","type":"page","link":"https:\/\/swedishnutra.com\/fr\/privacy-policy\/","title":{"rendered":"Vos donn\u00e9es"},"content":{"rendered":"<div data-elementor-type=\"wp-page\" data-elementor-id=\"42\" class=\"elementor elementor-42\" data-elementor-post-type=\"page\">\n\t\t\t\t<div class=\"elementor-element elementor-element-009eb19 e-flex e-con-boxed e-con e-parent\" data-id=\"009eb19\" data-element_type=\"container\" data-e-type=\"container\">\n\t\t\t\t\t<div class=\"e-con-inner\">\n\t\t\t\t\t<\/div>\n\t\t\t\t<\/div>\n\t\t<div class=\"elementor-element elementor-element-9f76ff7 e-flex e-con-boxed e-con e-parent\" data-id=\"9f76ff7\" data-element_type=\"container\" data-e-type=\"container\">\n\t\t\t\t\t<div class=\"e-con-inner\">\n\t\t\t\t<div class=\"elementor-element elementor-element-71a863c elementor-widget elementor-widget-heading\" data-id=\"71a863c\" data-element_type=\"widget\" data-e-type=\"widget\" data-widget_type=\"heading.default\">\n\t\t\t\t\t<h2 class=\"elementor-heading-title elementor-size-default\">Vos donn\u00e9es<\/h2>\t\t\t\t<\/div>\n\t\t\t\t<div class=\"elementor-element elementor-element-ae0671a elementor-widget elementor-widget-text-editor\" data-id=\"ae0671a\" data-element_type=\"widget\" data-e-type=\"widget\" data-widget_type=\"text-editor.default\">\n\t\t\t\t\t\t\t\t\t<p>Vos donn\u00e9es<br \/><strong>Derni\u00e8re mise \u00e0 jour : 02.02.2025<\/strong><\/p><p>Swedish Nutra AB (\"nous\") s'engage \u00e0 prot\u00e9ger votre vie priv\u00e9e. La pr\u00e9sente politique de confidentialit\u00e9 explique comment nous recueillons, utilisons et prot\u00e9geons vos donn\u00e9es personnelles lorsque vous visitez notre site web (le \"Site\") ou utilisez nos services.<\/p><div><hr \/><\/div><h3>1. Les informations que nous collectons<\/h3><p>Nous collectons et traitons les types de donn\u00e9es personnelles suivants :<\/p><h4>a. Informations que vous nous fournissez<\/h4><ul data-spread=\"false\"><li><p>Nom, adresse \u00e9lectronique, num\u00e9ro de t\u00e9l\u00e9phone et autres coordonn\u00e9es<\/p><\/li><li><p>Adresses de facturation et d'exp\u00e9dition des commandes<\/p><\/li><li><p>Informations relatives au paiement (trait\u00e9es de mani\u00e8re s\u00e9curis\u00e9e par des prestataires de services de paiement tiers)<\/p><\/li><li><p>les informations soumises par le biais de formulaires de contact, de courriers \u00e9lectroniques ou d'interactions avec le service client\u00e8le<\/p><\/li><li><p>toute autre information que vous fournissez lors de l'utilisation de notre site<\/p><\/li><\/ul><h4>b. Informations collect\u00e9es automatiquement<\/h4><ul data-spread=\"false\"><li><p>Adresse IP, type de navigateur et informations sur l'appareil<\/p><\/li><li><p>les donn\u00e9es d'utilisation, telles que les pages visit\u00e9es, le temps pass\u00e9 sur le site et les interactions avec les clics<\/p><\/li><li><p>Cookies et technologies de suivi similaires (voir la section \"Cookies\" ci-dessous)<\/p><\/li><\/ul><h4>c. Informations provenant de tiers<\/h4><ul data-spread=\"false\"><li><p>Informations accessibles au public<\/p><\/li><li><p>Donn\u00e9es provenant de nos partenaires commerciaux, de nos soci\u00e9t\u00e9s affili\u00e9es et de nos fournisseurs de publicit\u00e9<\/p><\/li><\/ul><div><hr \/><\/div><h3>2. Comment nous utilisons vos informations<\/h3><p>Nous utilisons les donn\u00e9es collect\u00e9es aux fins suivantes :<\/p><ul data-spread=\"false\"><li><p><strong>Traiter les commandes<\/strong> et fournir une assistance \u00e0 la client\u00e8le<\/p><\/li><li><p><strong>Am\u00e9liorer notre site web<\/strong> et personnaliser l'exp\u00e9rience de l'utilisateur<\/p><\/li><li><p><strong>Pour communiquer avec vous<\/strong> concernant vos demandes de renseignements, vos promotions et vos bulletins d'information<\/p><\/li><li><p><strong>Respecter les obligations l\u00e9gales<\/strong> et pr\u00e9venir les fraudes ou les menaces \u00e0 la s\u00e9curit\u00e9<\/p><\/li><li><p><strong>\u00c0 des fins de marketing et de publicit\u00e9<\/strong> (uniquement avec votre consentement lorsque la loi l'exige)<\/p><\/li><\/ul><div><hr \/><\/div><h3>3. Comment nous partageons vos informations<\/h3><p>Nous le faisons <strong>pas<\/strong> vendre vos donn\u00e9es personnelles. Toutefois, nous pouvons partager vos donn\u00e9es avec<\/p><ul data-spread=\"false\"><li><p><strong>Prestataires de services et partenaires<\/strong> qui nous aident \u00e0 ex\u00e9cuter les commandes, \u00e0 h\u00e9berger notre site, \u00e0 traiter les paiements et \u00e0 fournir des services de marketing<\/p><\/li><li><p><strong>Autorit\u00e9s l\u00e9gales et r\u00e9glementaires<\/strong> si la loi l'exige ou pour prot\u00e9ger nos droits l\u00e9gaux<\/p><\/li><li><p><strong>Transferts d'entreprises<\/strong>en cas de fusions, d'acquisitions ou de ventes d'actifs<\/p><\/li><\/ul><div><hr \/><\/div><h3>4. S\u00e9curit\u00e9 des donn\u00e9es<\/h3><p>Nous mettons en \u0153uvre des mesures de s\u00e9curit\u00e9 appropri\u00e9es pour prot\u00e9ger vos donn\u00e9es personnelles. Toutefois, aucun syst\u00e8me de transmission ou de stockage en ligne n'est 100% s\u00fbr. Si vous soup\u00e7onnez un probl\u00e8me de s\u00e9curit\u00e9, veuillez nous contacter imm\u00e9diatement.<\/p><div><hr \/><\/div><h3>5. Vos droits et vos choix<\/h3><p>En fonction de votre lieu de r\u00e9sidence, vous pouvez disposer des droits suivants concernant vos donn\u00e9es \u00e0 caract\u00e8re personnel :<\/p><ul data-spread=\"false\"><li><p><strong>Acc\u00e8s<\/strong> - Demander une copie des donn\u00e9es personnelles que nous d\u00e9tenons \u00e0 votre sujet.<\/p><\/li><li><p><strong>Correction<\/strong> - Demander la correction de donn\u00e9es inexactes ou incompl\u00e8tes.<\/p><\/li><li><p><strong>Suppression<\/strong> - Demander la suppression de vos donn\u00e9es, sous r\u00e9serve des obligations l\u00e9gales.<\/p><\/li><li><p><strong>Objection<\/strong> - s'opposer \u00e0 certains types de traitement des donn\u00e9es, tels que le marketing direct.<\/p><\/li><li><p><strong>Portabilit\u00e9 des donn\u00e9es<\/strong> - Demandez une copie de vos donn\u00e9es dans un format courant.<\/p><\/li><\/ul><p>Pour exercer ces droits, veuillez nous contacter \u00e0 l'adresse suivante <b>info@swedishnutra.com<\/b><\/p><div><hr \/><\/div><h3>6. Cookies et technologies de suivi<\/h3><p>Notre site utilise des cookies pour am\u00e9liorer l'exp\u00e9rience des utilisateurs et analyser le trafic du site web. Vous pouvez g\u00e9rer ou d\u00e9sactiver les cookies par le biais des param\u00e8tres de votre navigateur.<\/p><div><hr \/><\/div><h3>7. Liens avec des tiers<\/h3><p>Notre site peut contenir des liens vers des sites web de tiers. Nous ne sommes pas responsables de leurs pratiques en mati\u00e8re de protection de la vie priv\u00e9e et nous vous encourageons \u00e0 consulter leurs politiques avant de fournir des donn\u00e9es personnelles.<\/p><div><hr \/><\/div><h3>8. Conservation des donn\u00e9es<\/h3><p>Nous ne conservons vos donn\u00e9es personnelles que le temps n\u00e9cessaire aux fins d\u00e9crites dans la pr\u00e9sente politique, \u00e0 moins qu'une p\u00e9riode de conservation plus longue ne soit requise par la loi.<\/p><div><hr \/><\/div><h3>9. Transferts internationaux de donn\u00e9es<\/h3><p>Si nous transf\u00e9rons vos donn\u00e9es en dehors de l'Espace \u00e9conomique europ\u00e9en (EEE), nous veillons \u00e0 ce que des garanties appropri\u00e9es soient mises en place pour prot\u00e9ger vos informations conform\u00e9ment aux lois sur la protection des donn\u00e9es.<\/p><div><hr \/><\/div><h3>10. Modifications de la pr\u00e9sente politique de protection de la vie priv\u00e9e<\/h3><p>Nous pouvons mettre \u00e0 jour la pr\u00e9sente politique de confidentialit\u00e9 de temps \u00e0 autre. Toute modification sera publi\u00e9e sur cette page avec la date de mise \u00e0 jour.<\/p><div><hr \/><\/div><h3>11. Nous contacter<\/h3><p>Si vous avez des questions concernant la pr\u00e9sente politique de confidentialit\u00e9, veuillez nous contacter \u00e0 l'adresse suivante<\/p><p><strong>Swedish Nutra AB<\/strong><br \/>Lodgatan 19, Malm\u00f6 SE<br \/>info@swedishnutra.com<br \/>+46 40 787 01<\/p>\t\t\t\t\t\t\t\t<\/div>\n\t\t\t\t\t<\/div>\n\t\t\t\t<\/div>\n\t\t\t\t<\/div>","protected":false},"excerpt":{"rendered":"<p>Privacy Policy Privacy PolicyLast updated: 02.02.2025 Swedish Nutra AB (&#8220;we,&#8221; &#8220;our,&#8221; or &#8220;us&#8221;) is committed to protecting your privacy. This Privacy Policy explains how we collect, use, and safeguard your personal data when you visit our website (the &#8220;Site&#8221;) or engage with our services. 1. Information We Collect We collect and process the following types [&hellip;]<\/p>\n","protected":false},"author":6,"featured_media":0,"parent":0,"menu_order":0,"comment_status":"closed","ping_status":"closed","template":"elementor_header_footer","meta":{"_acf_changed":false,"content-type":"","inline_featured_image":false,"footnotes":""},"class_list":["post-42","page","type-page","status-publish","hentry"],"acf":[],"yoast_head":"<!-- This site is optimized with the Yoast SEO plugin v26.9 - https:\/\/yoast.com\/product\/yoast-seo-wordpress\/ -->\n<title>Privacy Policy | Swedish Nutra Manufacturer<\/title>\n<meta name=\"description\" content=\"Review our Privacy Policy \u2013 Swedish Nutra ensures full data protection and compliance for business clients, distributors, and private label partners.\" \/>\n<meta name=\"robots\" content=\"index, follow, max-snippet:-1, max-image-preview:large, max-video-preview:-1\" \/>\n<link rel=\"canonical\" href=\"https:\/\/swedishnutra.com\/fr\/privacy-policy\/\" \/>\n<meta property=\"og:locale\" content=\"fr_FR\" \/>\n<meta property=\"og:type\" content=\"article\" \/>\n<meta property=\"og:title\" content=\"Privacy Policy | Swedish Nutra Manufacturer\" \/>\n<meta property=\"og:description\" content=\"Review our Privacy Policy \u2013 Swedish Nutra ensures full data protection and compliance for business clients, distributors, and private label partners.\" \/>\n<meta property=\"og:url\" content=\"https:\/\/swedishnutra.com\/fr\/privacy-policy\/\" \/>\n<meta property=\"og:site_name\" content=\"Swedish Nutra\" \/>\n<meta property=\"article:publisher\" content=\"https:\/\/www.facebook.com\/profile.php?id=100089105632970\" \/>\n<meta property=\"article:modified_time\" content=\"2025-02-28T12:53:14+00:00\" \/>\n<meta name=\"twitter:card\" content=\"summary_large_image\" \/>\n<meta name=\"twitter:label1\" content=\"Dur\u00e9e de lecture estim\u00e9e\" \/>\n\t<meta name=\"twitter:data1\" content=\"3 minutes\" \/>\n<script type=\"application\/ld+json\" class=\"yoast-schema-graph\">{\"@context\":\"https:\/\/schema.org\",\"@graph\":[{\"@type\":\"WebPage\",\"@id\":\"https:\/\/swedishnutra.com\/privacy-policy\/\",\"url\":\"https:\/\/swedishnutra.com\/privacy-policy\/\",\"name\":\"Privacy Policy | Swedish Nutra Manufacturer\",\"isPartOf\":{\"@id\":\"https:\/\/swedishnutra.com\/#website\"},\"datePublished\":\"2023-11-21T12:22:10+00:00\",\"dateModified\":\"2025-02-28T12:53:14+00:00\",\"description\":\"Review our Privacy Policy \u2013 Swedish Nutra ensures full data protection and compliance for business clients, distributors, and private label partners.\",\"breadcrumb\":{\"@id\":\"https:\/\/swedishnutra.com\/privacy-policy\/#breadcrumb\"},\"inLanguage\":\"fr-FR\",\"potentialAction\":[{\"@type\":\"ReadAction\",\"target\":[\"https:\/\/swedishnutra.com\/privacy-policy\/\"]}]},{\"@type\":\"BreadcrumbList\",\"@id\":\"https:\/\/swedishnutra.com\/privacy-policy\/#breadcrumb\",\"itemListElement\":[{\"@type\":\"ListItem\",\"position\":1,\"name\":\"Home\",\"item\":\"https:\/\/swedishnutra.com\/\"},{\"@type\":\"ListItem\",\"position\":2,\"name\":\"Privacy Policy\"}]},{\"@type\":\"WebSite\",\"@id\":\"https:\/\/swedishnutra.com\/#website\",\"url\":\"https:\/\/swedishnutra.com\/\",\"name\":\"Swedish Nutra\",\"description\":\"Supplement White Label Services\",\"publisher\":{\"@id\":\"https:\/\/swedishnutra.com\/#organization\"},\"potentialAction\":[{\"@type\":\"SearchAction\",\"target\":{\"@type\":\"EntryPoint\",\"urlTemplate\":\"https:\/\/swedishnutra.com\/?s={search_term_string}\"},\"query-input\":{\"@type\":\"PropertyValueSpecification\",\"valueRequired\":true,\"valueName\":\"search_term_string\"}}],\"inLanguage\":\"fr-FR\"},{\"@type\":\"Organization\",\"@id\":\"https:\/\/swedishnutra.com\/#organization\",\"name\":\"Swedish Nutra\",\"url\":\"https:\/\/swedishnutra.com\/\",\"logo\":{\"@type\":\"ImageObject\",\"inLanguage\":\"fr-FR\",\"@id\":\"https:\/\/swedishnutra.com\/#\/schema\/logo\/image\/\",\"url\":\"https:\/\/swedishnutra.com\/wp-content\/uploads\/2023\/11\/SN-Logo-Black.svg\",\"contentUrl\":\"https:\/\/swedishnutra.com\/wp-content\/uploads\/2023\/11\/SN-Logo-Black.svg\",\"width\":116,\"height\":53,\"caption\":\"Swedish Nutra\"},\"image\":{\"@id\":\"https:\/\/swedishnutra.com\/#\/schema\/logo\/image\/\"},\"sameAs\":[\"https:\/\/www.facebook.com\/profile.php?id=100089105632970\"]}]}<\/script>\n<!-- \/ Yoast SEO plugin. -->","yoast_head_json":{"title":"Politique de confidentialit\u00e9 - Swedish Nutra Manufacturer","description":"Consultez notre politique de confidentialit\u00e9 - Swedish Nutra assure la protection compl\u00e8te des donn\u00e9es et la conformit\u00e9 pour les clients commerciaux, les distributeurs et les partenaires de marque priv\u00e9e.","robots":{"index":"index","follow":"follow","max-snippet":"max-snippet:-1","max-image-preview":"max-image-preview:large","max-video-preview":"max-video-preview:-1"},"canonical":"https:\/\/swedishnutra.com\/fr\/privacy-policy\/","og_locale":"fr_FR","og_type":"article","og_title":"Privacy Policy | Swedish Nutra Manufacturer","og_description":"Review our Privacy Policy \u2013 Swedish Nutra ensures full data protection and compliance for business clients, distributors, and private label partners.","og_url":"https:\/\/swedishnutra.com\/fr\/privacy-policy\/","og_site_name":"Swedish Nutra","article_publisher":"https:\/\/www.facebook.com\/profile.php?id=100089105632970","article_modified_time":"2025-02-28T12:53:14+00:00","twitter_card":"summary_large_image","twitter_misc":{"Dur\u00e9e de lecture estim\u00e9e":"3 minutes"},"schema":{"@context":"https:\/\/schema.org","@graph":[{"@type":"WebPage","@id":"https:\/\/swedishnutra.com\/privacy-policy\/","url":"https:\/\/swedishnutra.com\/privacy-policy\/","name":"Politique de confidentialit\u00e9 - Swedish Nutra Manufacturer","isPartOf":{"@id":"https:\/\/swedishnutra.com\/#website"},"datePublished":"2023-11-21T12:22:10+00:00","dateModified":"2025-02-28T12:53:14+00:00","description":"Consultez notre politique de confidentialit\u00e9 - Swedish Nutra assure la protection compl\u00e8te des donn\u00e9es et la conformit\u00e9 pour les clients commerciaux, les distributeurs et les partenaires de marque priv\u00e9e.","breadcrumb":{"@id":"https:\/\/swedishnutra.com\/privacy-policy\/#breadcrumb"},"inLanguage":"fr-FR","potentialAction":[{"@type":"ReadAction","target":["https:\/\/swedishnutra.com\/privacy-policy\/"]}]},{"@type":"BreadcrumbList","@id":"https:\/\/swedishnutra.com\/privacy-policy\/#breadcrumb","itemListElement":[{"@type":"ListItem","position":1,"name":"Home","item":"https:\/\/swedishnutra.com\/"},{"@type":"ListItem","position":2,"name":"Privacy Policy"}]},{"@type":"WebSite","@id":"https:\/\/swedishnutra.com\/#website","url":"https:\/\/swedishnutra.com\/","name":"Swedish Nutra","description":"Services de suppl\u00e9ment en marque blanche","publisher":{"@id":"https:\/\/swedishnutra.com\/#organization"},"potentialAction":[{"@type":"SearchAction","target":{"@type":"EntryPoint","urlTemplate":"https:\/\/swedishnutra.com\/?s={search_term_string}"},"query-input":{"@type":"PropertyValueSpecification","valueRequired":true,"valueName":"search_term_string"}}],"inLanguage":"fr-FR"},{"@type":"Organization","@id":"https:\/\/swedishnutra.com\/#organization","name":"Swedish Nutra","url":"https:\/\/swedishnutra.com\/","logo":{"@type":"ImageObject","inLanguage":"fr-FR","@id":"https:\/\/swedishnutra.com\/#\/schema\/logo\/image\/","url":"https:\/\/swedishnutra.com\/wp-content\/uploads\/2023\/11\/SN-Logo-Black.svg","contentUrl":"https:\/\/swedishnutra.com\/wp-content\/uploads\/2023\/11\/SN-Logo-Black.svg","width":116,"height":53,"caption":"Swedish Nutra"},"image":{"@id":"https:\/\/swedishnutra.com\/#\/schema\/logo\/image\/"},"sameAs":["https:\/\/www.facebook.com\/profile.php?id=100089105632970"]}]}},"_links":{"self":[{"href":"https:\/\/swedishnutra.com\/fr\/wp-json\/wp\/v2\/pages\/42","targetHints":{"allow":["GET"]}}],"collection":[{"href":"https:\/\/swedishnutra.com\/fr\/wp-json\/wp\/v2\/pages"}],"about":[{"href":"https:\/\/swedishnutra.com\/fr\/wp-json\/wp\/v2\/types\/page"}],"author":[{"embeddable":true,"href":"https:\/\/swedishnutra.com\/fr\/wp-json\/wp\/v2\/users\/6"}],"replies":[{"embeddable":true,"href":"https:\/\/swedishnutra.com\/fr\/wp-json\/wp\/v2\/comments?post=42"}],"version-history":[{"count":0,"href":"https:\/\/swedishnutra.com\/fr\/wp-json\/wp\/v2\/pages\/42\/revisions"}],"wp:attachment":[{"href":"https:\/\/swedishnutra.com\/fr\/wp-json\/wp\/v2\/media?parent=42"}],"curies":[{"name":"wp","href":"https:\/\/api.w.org\/{rel}","templated":true}]}}